{"id":2,"date":"2023-02-06T12:24:48","date_gmt":"2023-02-06T12:24:48","guid":{"rendered":"https:\/\/thesportsbettingschool.com\/?page_id=2"},"modified":"2023-02-06T12:24:48","modified_gmt":"2023-02-06T12:24:48","slug":"sample-page","status":"publish","type":"page","link":"https:\/\/thesportsbettingschool.com\/pl\/przykladowa-strona\/","title":{"rendered":"Przyk\u0142adowa strona"},"content":{"rendered":"<p>To jest przyk\u0142adowa strona. R\u00f3\u017cni si\u0119 od wpisu na blogu, poniewa\u017c pozostanie w jednym miejscu i pojawi si\u0119 w nawigacji witryny (w wi\u0119kszo\u015bci motyw\u00f3w). Wi\u0119kszo\u015b\u0107 os\u00f3b zaczyna od strony \u201eO mnie\u201d, kt\u00f3ra przedstawia ich potencjalnym odwiedzaj\u0105cym witryn\u0119. Mo\u017ce to by\u0107 co\u015b takiego:<\/p>\n\n\n\n<blockquote class=\"wp-block-quote is-layout-flow wp-block-quote-is-layout-flow\"><p>Cze\u015b\u0107! Jestem kurierem rowerowym w dzie\u0144, aspiruj\u0105cym aktorem w nocy, a to jest moja strona internetowa. Mieszkam w Los Angeles, mam wspania\u0142ego psa o imieniu Jack i lubi\u0119 pi\u00f1a colad\u0119. (I \u0142apanie deszczu.)<\/p><\/blockquote>\n\n\n\n<p>...lub co\u015b takiego:<\/p>\n\n\n\n<blockquote class=\"wp-block-quote is-layout-flow wp-block-quote-is-layout-flow\"><p>Firma XYZ Doohickey Company zosta\u0142a za\u0142o\u017cona w 1971 roku i od tamtej pory dostarcza spo\u0142ecze\u0144stwu wysokiej jako\u015bci gad\u017cety. Znajduj\u0105ca si\u0119 w Gotham City firma XYZ zatrudnia ponad 2000 os\u00f3b i robi mn\u00f3stwo wspania\u0142ych rzeczy dla spo\u0142eczno\u015bci Gotham.<\/p><\/blockquote>\n\n\n\n<p>Jako nowy u\u017cytkownik WordPressa powiniene\u015b przej\u015b\u0107 do <a href=\"https:\/\/thesportsbettingschool.com\/wp-admin\/\">Tw\u00f3j panel<\/a> aby usun\u0105\u0107 t\u0119 stron\u0119 i utworzy\u0107 nowe strony dla swojej tre\u015bci. Baw si\u0119 dobrze!<\/p>","protected":false},"excerpt":{"rendered":"<p>To jest przyk\u0142adowa strona. R\u00f3\u017cni si\u0119 od wpisu na blogu, poniewa\u017c pozostaje w jednym miejscu i wy\u015bwietla si\u0119 w nawigacji witryny (w wi\u0119kszo\u015bci motyw\u00f3w). Wi\u0119kszo\u015b\u0107 u\u017cytkownik\u00f3w zaczyna od strony \u201eO mnie\u201d, kt\u00f3ra przedstawia ich potencjalnym odwiedzaj\u0105cym witryn\u0119. Mo\u017ce to by\u0107 na przyk\u0142ad: Cze\u015b\u0107! Jestem kurierem rowerowym [\u2026]<\/p>","protected":false},"author":1,"featured_media":0,"parent":0,"menu_order":0,"comment_status":"closed","ping_status":"open","template":"","meta":{"footnotes":""},"class_list":["post-2","page","type-page","status-publish","hentry"],"yoast_head":"<!-- This site is optimized with the Yoast SEO Premium plugin v22.7 (Yoast SEO v26.7) - https:\/\/yoast.com\/wordpress\/plugins\/seo\/ -->\n<title>Sample Page - Sports Betting School<\/title>\n<meta name=\"robots\" content=\"index, follow, max-snippet:-1, max-image-preview:large, max-video-preview:-1\" \/>\n<link rel=\"canonical\" href=\"https:\/\/thesportsbettingschool.com\/pl\/przykladowa-strona\/\" \/>\n<meta property=\"og:locale\" content=\"pl_PL\" \/>\n<meta property=\"og:type\" content=\"article\" \/>\n<meta property=\"og:title\" content=\"Sample Page\" \/>\n<meta property=\"og:description\" content=\"This is an example page. It&#039;s different from a blog post because it will stay in one place and will show up in your site navigation (in most themes). Most people start with an About page that introduces them to potential site visitors. It might say something like this: Hi there! I&#039;m a bike messenger [&hellip;]\" \/>\n<meta property=\"og:url\" content=\"https:\/\/thesportsbettingschool.com\/pl\/przykladowa-strona\/\" \/>\n<meta property=\"og:site_name\" content=\"Sports Betting School\" \/>\n<meta name=\"twitter:card\" content=\"summary_large_image\" \/>\n<meta name=\"twitter:label1\" content=\"Szacowany czas czytania\" \/>\n\t<meta name=\"twitter:data1\" content=\"1 minuta\" \/>\n<script type=\"application\/ld+json\" class=\"yoast-schema-graph\">{\"@context\":\"https:\/\/schema.org\",\"@graph\":[{\"@type\":\"WebPage\",\"@id\":\"https:\/\/thesportsbettingschool.com\/sample-page\/\",\"url\":\"https:\/\/thesportsbettingschool.com\/sample-page\/\",\"name\":\"Sample Page - Sports Betting School\",\"isPartOf\":{\"@id\":\"https:\/\/thesportsbettingschool.com\/#website\"},\"datePublished\":\"2023-02-06T12:24:48+00:00\",\"breadcrumb\":{\"@id\":\"https:\/\/thesportsbettingschool.com\/sample-page\/#breadcrumb\"},\"inLanguage\":\"pl-PL\",\"potentialAction\":[{\"@type\":\"ReadAction\",\"target\":[\"https:\/\/thesportsbettingschool.com\/sample-page\/\"]}]},{\"@type\":\"BreadcrumbList\",\"@id\":\"https:\/\/thesportsbettingschool.com\/sample-page\/#breadcrumb\",\"itemListElement\":[{\"@type\":\"ListItem\",\"position\":1,\"name\":\"Home\",\"item\":\"https:\/\/thesportsbettingschool.com\/\"},{\"@type\":\"ListItem\",\"position\":2,\"name\":\"Sample Page\"}]},{\"@type\":\"WebSite\",\"@id\":\"https:\/\/thesportsbettingschool.com\/#website\",\"url\":\"https:\/\/thesportsbettingschool.com\/\",\"name\":\"Sports Betting School\",\"description\":\"US daily online income from home office\",\"publisher\":{\"@id\":\"https:\/\/thesportsbettingschool.com\/#organization\"},\"potentialAction\":[{\"@type\":\"SearchAction\",\"target\":{\"@type\":\"EntryPoint\",\"urlTemplate\":\"https:\/\/thesportsbettingschool.com\/?s={search_term_string}\"},\"query-input\":{\"@type\":\"PropertyValueSpecification\",\"valueRequired\":true,\"valueName\":\"search_term_string\"}}],\"inLanguage\":\"pl-PL\"},{\"@type\":\"Organization\",\"@id\":\"https:\/\/thesportsbettingschool.com\/#organization\",\"name\":\"Sports Betting School\",\"url\":\"https:\/\/thesportsbettingschool.com\/\",\"logo\":{\"@type\":\"ImageObject\",\"inLanguage\":\"pl-PL\",\"@id\":\"https:\/\/thesportsbettingschool.com\/#\/schema\/logo\/image\/\",\"url\":\"https:\/\/thesportsbettingschool.com\/wp-content\/uploads\/2023\/07\/sports-betting-school-logo.jpg\",\"contentUrl\":\"https:\/\/thesportsbettingschool.com\/wp-content\/uploads\/2023\/07\/sports-betting-school-logo.jpg\",\"width\":1080,\"height\":1080,\"caption\":\"Sports Betting School\"},\"image\":{\"@id\":\"https:\/\/thesportsbettingschool.com\/#\/schema\/logo\/image\/\"}}]}<\/script>\n<!-- \/ Yoast SEO Premium plugin. -->","yoast_head_json":{"title":"Przyk\u0142adowa strona - Szko\u0142a zak\u0142ad\u00f3w sportowych","robots":{"index":"index","follow":"follow","max-snippet":"max-snippet:-1","max-image-preview":"max-image-preview:large","max-video-preview":"max-video-preview:-1"},"canonical":"https:\/\/thesportsbettingschool.com\/pl\/przykladowa-strona\/","og_locale":"pl_PL","og_type":"article","og_title":"Sample Page","og_description":"This is an example page. It's different from a blog post because it will stay in one place and will show up in your site navigation (in most themes). Most people start with an About page that introduces them to potential site visitors. It might say something like this: Hi there! I'm a bike messenger [&hellip;]","og_url":"https:\/\/thesportsbettingschool.com\/pl\/przykladowa-strona\/","og_site_name":"Sports Betting School","twitter_card":"summary_large_image","twitter_misc":{"Szacowany czas czytania":"1 minuta"},"schema":{"@context":"https:\/\/schema.org","@graph":[{"@type":"WebPage","@id":"https:\/\/thesportsbettingschool.com\/sample-page\/","url":"https:\/\/thesportsbettingschool.com\/sample-page\/","name":"Przyk\u0142adowa strona - Szko\u0142a zak\u0142ad\u00f3w sportowych","isPartOf":{"@id":"https:\/\/thesportsbettingschool.com\/#website"},"datePublished":"2023-02-06T12:24:48+00:00","breadcrumb":{"@id":"https:\/\/thesportsbettingschool.com\/sample-page\/#breadcrumb"},"inLanguage":"pl-PL","potentialAction":[{"@type":"ReadAction","target":["https:\/\/thesportsbettingschool.com\/sample-page\/"]}]},{"@type":"BreadcrumbList","@id":"https:\/\/thesportsbettingschool.com\/sample-page\/#breadcrumb","itemListElement":[{"@type":"ListItem","position":1,"name":"Home","item":"https:\/\/thesportsbettingschool.com\/"},{"@type":"ListItem","position":2,"name":"Sample Page"}]},{"@type":"WebSite","@id":"https:\/\/thesportsbettingschool.com\/#website","url":"https:\/\/thesportsbettingschool.com\/","name":"Szko\u0142a zak\u0142ad\u00f3w sportowych","description":"Ameryka\u0144ski dzienny doch\u00f3d online z biura domowego","publisher":{"@id":"https:\/\/thesportsbettingschool.com\/#organization"},"potentialAction":[{"@type":"SearchAction","target":{"@type":"EntryPoint","urlTemplate":"https:\/\/thesportsbettingschool.com\/?s={search_term_string}"},"query-input":{"@type":"PropertyValueSpecification","valueRequired":true,"valueName":"search_term_string"}}],"inLanguage":"pl-PL"},{"@type":"Organization","@id":"https:\/\/thesportsbettingschool.com\/#organization","name":"Szko\u0142a zak\u0142ad\u00f3w sportowych","url":"https:\/\/thesportsbettingschool.com\/","logo":{"@type":"ImageObject","inLanguage":"pl-PL","@id":"https:\/\/thesportsbettingschool.com\/#\/schema\/logo\/image\/","url":"https:\/\/thesportsbettingschool.com\/wp-content\/uploads\/2023\/07\/sports-betting-school-logo.jpg","contentUrl":"https:\/\/thesportsbettingschool.com\/wp-content\/uploads\/2023\/07\/sports-betting-school-logo.jpg","width":1080,"height":1080,"caption":"Sports Betting School"},"image":{"@id":"https:\/\/thesportsbettingschool.com\/#\/schema\/logo\/image\/"}}]}},"_links":{"self":[{"href":"https:\/\/thesportsbettingschool.com\/pl\/wp-json\/wp\/v2\/pages\/2","targetHints":{"allow":["GET"]}}],"collection":[{"href":"https:\/\/thesportsbettingschool.com\/pl\/wp-json\/wp\/v2\/pages"}],"about":[{"href":"https:\/\/thesportsbettingschool.com\/pl\/wp-json\/wp\/v2\/types\/page"}],"author":[{"embeddable":true,"href":"https:\/\/thesportsbettingschool.com\/pl\/wp-json\/wp\/v2\/users\/1"}],"replies":[{"embeddable":true,"href":"https:\/\/thesportsbettingschool.com\/pl\/wp-json\/wp\/v2\/comments?post=2"}],"version-history":[{"count":0,"href":"https:\/\/thesportsbettingschool.com\/pl\/wp-json\/wp\/v2\/pages\/2\/revisions"}],"wp:attachment":[{"href":"https:\/\/thesportsbettingschool.com\/pl\/wp-json\/wp\/v2\/media?parent=2"}],"curies":[{"name":"wp","href":"https:\/\/api.w.org\/{rel}","templated":true}]}}