{"id":2,"date":"2023-02-06T12:24:48","date_gmt":"2023-02-06T12:24:48","guid":{"rendered":"https:\/\/thesportsbettingschool.com\/?page_id=2"},"modified":"2023-02-06T12:24:48","modified_gmt":"2023-02-06T12:24:48","slug":"sample-page","status":"publish","type":"page","link":"https:\/\/thesportsbettingschool.com\/tr\/ornek-sayfa\/","title":{"rendered":"\u00d6rnek Sayfa"},"content":{"rendered":"<p>Bu bir \u00f6rnek sayfad\u0131r. Blog yaz\u0131s\u0131ndan farkl\u0131d\u0131r \u00e7\u00fcnk\u00fc tek bir yerde kalacak ve sitenizin navigasyonunda (\u00e7o\u011fu temada) g\u00f6r\u00fcnecektir. \u00c7o\u011fu ki\u015fi, kendilerini potansiyel site ziyaret\u00e7ilerine tan\u0131tan bir Hakk\u0131nda sayfas\u0131yla ba\u015flar. \u015e\u00f6yle bir \u015fey s\u00f6yleyebilir:<\/p>\n\n\n\n<blockquote class=\"wp-block-quote is-layout-flow wp-block-quote-is-layout-flow\"><p>Merhaba! G\u00fcnd\u00fczleri bisiklet kuryesiyim, geceleri ise hevesli oyuncuyum ve bu da benim web sitem. Los Angeles&#039;ta ya\u015f\u0131yorum, Jack ad\u0131nda harika bir k\u00f6pe\u011fim var ve pi\u00f1a coladas&#039;\u0131 severim. (Ve ya\u011fmura yakalanmak.)<\/p><\/blockquote>\n\n\n\n<p>...veya bunun gibi bir \u015fey:<\/p>\n\n\n\n<blockquote class=\"wp-block-quote is-layout-flow wp-block-quote-is-layout-flow\"><p>XYZ Doohickey \u015eirketi 1971 y\u0131l\u0131nda kuruldu ve o zamandan beri halka kaliteli z\u0131mbalar sunuyor. Gotham City&#039;de bulunan XYZ, 2.000&#039;den fazla ki\u015fiyi istihdam ediyor ve Gotham toplulu\u011fu i\u00e7in her t\u00fcrl\u00fc harika \u015feyi yap\u0131yor.<\/p><\/blockquote>\n\n\n\n<p>Yeni bir WordPress kullan\u0131c\u0131s\u0131 olarak \u015fu adrese gitmelisiniz: <a href=\"https:\/\/thesportsbettingschool.com\/wp-admin\/\">kontrol paneliniz<\/a> Bu sayfay\u0131 silmek ve i\u00e7eri\u011finiz i\u00e7in yeni sayfalar olu\u015fturmak i\u00e7in. \u0130yi e\u011flenceler!<\/p>","protected":false},"excerpt":{"rendered":"<p>Bu \u00f6rnek bir sayfad\u0131r. Bir blog yaz\u0131s\u0131ndan farkl\u0131d\u0131r \u00e7\u00fcnk\u00fc sabit bir yerde kalacak ve (\u00e7o\u011fu temada) sitenizin navigasyonunda g\u00f6r\u00fcnecektir. \u00c7o\u011fu ki\u015fi, potansiyel site ziyaret\u00e7ilerine kendilerini tan\u0131tan bir Hakk\u0131m\u0131zda sayfas\u0131yla ba\u015flar. \u015e\u00f6yle bir \u015fey s\u00f6yleyebilir: Merhaba! Ben bir bisiklet kuryesiyim [\u2026]<\/p>","protected":false},"author":1,"featured_media":0,"parent":0,"menu_order":0,"comment_status":"closed","ping_status":"open","template":"","meta":{"footnotes":""},"class_list":["post-2","page","type-page","status-publish","hentry"],"yoast_head":"<!-- This site is optimized with the Yoast SEO Premium plugin v22.7 (Yoast SEO v26.7) - https:\/\/yoast.com\/wordpress\/plugins\/seo\/ -->\n<title>Sample Page - Sports Betting School<\/title>\n<meta name=\"robots\" content=\"index, follow, max-snippet:-1, max-image-preview:large, max-video-preview:-1\" \/>\n<link rel=\"canonical\" href=\"https:\/\/thesportsbettingschool.com\/tr\/ornek-sayfa\/\" \/>\n<meta property=\"og:locale\" content=\"tr_TR\" \/>\n<meta property=\"og:type\" content=\"article\" \/>\n<meta property=\"og:title\" content=\"Sample Page\" \/>\n<meta property=\"og:description\" content=\"This is an example page. It&#039;s different from a blog post because it will stay in one place and will show up in your site navigation (in most themes). Most people start with an About page that introduces them to potential site visitors. It might say something like this: Hi there! I&#039;m a bike messenger [&hellip;]\" \/>\n<meta property=\"og:url\" content=\"https:\/\/thesportsbettingschool.com\/tr\/ornek-sayfa\/\" \/>\n<meta property=\"og:site_name\" content=\"Sports Betting School\" \/>\n<meta name=\"twitter:card\" content=\"summary_large_image\" \/>\n<meta name=\"twitter:label1\" content=\"Tahmini okuma s\u00fcresi\" \/>\n\t<meta name=\"twitter:data1\" content=\"1 dakika\" \/>\n<script type=\"application\/ld+json\" class=\"yoast-schema-graph\">{\"@context\":\"https:\/\/schema.org\",\"@graph\":[{\"@type\":\"WebPage\",\"@id\":\"https:\/\/thesportsbettingschool.com\/sample-page\/\",\"url\":\"https:\/\/thesportsbettingschool.com\/sample-page\/\",\"name\":\"Sample Page - Sports Betting School\",\"isPartOf\":{\"@id\":\"https:\/\/thesportsbettingschool.com\/#website\"},\"datePublished\":\"2023-02-06T12:24:48+00:00\",\"breadcrumb\":{\"@id\":\"https:\/\/thesportsbettingschool.com\/sample-page\/#breadcrumb\"},\"inLanguage\":\"tr\",\"potentialAction\":[{\"@type\":\"ReadAction\",\"target\":[\"https:\/\/thesportsbettingschool.com\/sample-page\/\"]}]},{\"@type\":\"BreadcrumbList\",\"@id\":\"https:\/\/thesportsbettingschool.com\/sample-page\/#breadcrumb\",\"itemListElement\":[{\"@type\":\"ListItem\",\"position\":1,\"name\":\"Home\",\"item\":\"https:\/\/thesportsbettingschool.com\/\"},{\"@type\":\"ListItem\",\"position\":2,\"name\":\"Sample Page\"}]},{\"@type\":\"WebSite\",\"@id\":\"https:\/\/thesportsbettingschool.com\/#website\",\"url\":\"https:\/\/thesportsbettingschool.com\/\",\"name\":\"Sports Betting School\",\"description\":\"US daily online income from home office\",\"publisher\":{\"@id\":\"https:\/\/thesportsbettingschool.com\/#organization\"},\"potentialAction\":[{\"@type\":\"SearchAction\",\"target\":{\"@type\":\"EntryPoint\",\"urlTemplate\":\"https:\/\/thesportsbettingschool.com\/?s={search_term_string}\"},\"query-input\":{\"@type\":\"PropertyValueSpecification\",\"valueRequired\":true,\"valueName\":\"search_term_string\"}}],\"inLanguage\":\"tr\"},{\"@type\":\"Organization\",\"@id\":\"https:\/\/thesportsbettingschool.com\/#organization\",\"name\":\"Sports Betting School\",\"url\":\"https:\/\/thesportsbettingschool.com\/\",\"logo\":{\"@type\":\"ImageObject\",\"inLanguage\":\"tr\",\"@id\":\"https:\/\/thesportsbettingschool.com\/#\/schema\/logo\/image\/\",\"url\":\"https:\/\/thesportsbettingschool.com\/wp-content\/uploads\/2023\/07\/sports-betting-school-logo.jpg\",\"contentUrl\":\"https:\/\/thesportsbettingschool.com\/wp-content\/uploads\/2023\/07\/sports-betting-school-logo.jpg\",\"width\":1080,\"height\":1080,\"caption\":\"Sports Betting School\"},\"image\":{\"@id\":\"https:\/\/thesportsbettingschool.com\/#\/schema\/logo\/image\/\"}}]}<\/script>\n<!-- \/ Yoast SEO Premium plugin. -->","yoast_head_json":{"title":"\u00d6rnek sayfa - Spor Bahis Okulu","robots":{"index":"index","follow":"follow","max-snippet":"max-snippet:-1","max-image-preview":"max-image-preview:large","max-video-preview":"max-video-preview:-1"},"canonical":"https:\/\/thesportsbettingschool.com\/tr\/ornek-sayfa\/","og_locale":"tr_TR","og_type":"article","og_title":"Sample Page","og_description":"This is an example page. It's different from a blog post because it will stay in one place and will show up in your site navigation (in most themes). Most people start with an About page that introduces them to potential site visitors. It might say something like this: Hi there! I'm a bike messenger [&hellip;]","og_url":"https:\/\/thesportsbettingschool.com\/tr\/ornek-sayfa\/","og_site_name":"Sports Betting School","twitter_card":"summary_large_image","twitter_misc":{"Tahmini okuma s\u00fcresi":"1 dakika"},"schema":{"@context":"https:\/\/schema.org","@graph":[{"@type":"WebPage","@id":"https:\/\/thesportsbettingschool.com\/sample-page\/","url":"https:\/\/thesportsbettingschool.com\/sample-page\/","name":"\u00d6rnek sayfa - Spor Bahis Okulu","isPartOf":{"@id":"https:\/\/thesportsbettingschool.com\/#website"},"datePublished":"2023-02-06T12:24:48+00:00","breadcrumb":{"@id":"https:\/\/thesportsbettingschool.com\/sample-page\/#breadcrumb"},"inLanguage":"tr","potentialAction":[{"@type":"ReadAction","target":["https:\/\/thesportsbettingschool.com\/sample-page\/"]}]},{"@type":"BreadcrumbList","@id":"https:\/\/thesportsbettingschool.com\/sample-page\/#breadcrumb","itemListElement":[{"@type":"ListItem","position":1,"name":"Home","item":"https:\/\/thesportsbettingschool.com\/"},{"@type":"ListItem","position":2,"name":"Sample Page"}]},{"@type":"WebSite","@id":"https:\/\/thesportsbettingschool.com\/#website","url":"https:\/\/thesportsbettingschool.com\/","name":"Spor Bahisleri Okulu","description":"ABD&#039;de ev ofisten elde edilen g\u00fcnl\u00fck \u00e7evrimi\u00e7i gelir","publisher":{"@id":"https:\/\/thesportsbettingschool.com\/#organization"},"potentialAction":[{"@type":"SearchAction","target":{"@type":"EntryPoint","urlTemplate":"https:\/\/thesportsbettingschool.com\/?s={search_term_string}"},"query-input":{"@type":"PropertyValueSpecification","valueRequired":true,"valueName":"search_term_string"}}],"inLanguage":"tr"},{"@type":"Organization","@id":"https:\/\/thesportsbettingschool.com\/#organization","name":"Spor Bahisleri Okulu","url":"https:\/\/thesportsbettingschool.com\/","logo":{"@type":"ImageObject","inLanguage":"tr","@id":"https:\/\/thesportsbettingschool.com\/#\/schema\/logo\/image\/","url":"https:\/\/thesportsbettingschool.com\/wp-content\/uploads\/2023\/07\/sports-betting-school-logo.jpg","contentUrl":"https:\/\/thesportsbettingschool.com\/wp-content\/uploads\/2023\/07\/sports-betting-school-logo.jpg","width":1080,"height":1080,"caption":"Sports Betting School"},"image":{"@id":"https:\/\/thesportsbettingschool.com\/#\/schema\/logo\/image\/"}}]}},"_links":{"self":[{"href":"https:\/\/thesportsbettingschool.com\/tr\/wp-json\/wp\/v2\/pages\/2","targetHints":{"allow":["GET"]}}],"collection":[{"href":"https:\/\/thesportsbettingschool.com\/tr\/wp-json\/wp\/v2\/pages"}],"about":[{"href":"https:\/\/thesportsbettingschool.com\/tr\/wp-json\/wp\/v2\/types\/page"}],"author":[{"embeddable":true,"href":"https:\/\/thesportsbettingschool.com\/tr\/wp-json\/wp\/v2\/users\/1"}],"replies":[{"embeddable":true,"href":"https:\/\/thesportsbettingschool.com\/tr\/wp-json\/wp\/v2\/comments?post=2"}],"version-history":[{"count":0,"href":"https:\/\/thesportsbettingschool.com\/tr\/wp-json\/wp\/v2\/pages\/2\/revisions"}],"wp:attachment":[{"href":"https:\/\/thesportsbettingschool.com\/tr\/wp-json\/wp\/v2\/media?parent=2"}],"curies":[{"name":"wp","href":"https:\/\/api.w.org\/{rel}","templated":true}]}}