{"id":3,"date":"2023-02-06T12:24:48","date_gmt":"2023-02-06T12:24:48","guid":{"rendered":"https:\/\/thesportsbettingschool.com\/?page_id=3"},"modified":"2023-07-30T07:39:55","modified_gmt":"2023-07-30T07:39:55","slug":"privacy-policy","status":"publish","type":"page","link":"https:\/\/thesportsbettingschool.com\/tr\/gizlilik-politikasi\/","title":{"rendered":"Gizlilik Politikas\u0131"},"content":{"rendered":"<h2 class=\"wp-block-heading\">Biz Kimiz<\/h2>\n\n\n\n<p><strong class=\"privacy-policy-tutorial\">\u00d6nerilen metin: <\/strong>Web sitemizin adresi: https:\/\/thesportsbettingschool.com.<\/p>\n\n\n\n<h2 class=\"wp-block-heading\">Yorumlar<\/h2>\n\n\n\n<p><strong class=\"privacy-policy-tutorial\">\u00d6nerilen metin: <\/strong>Ziyaret\u00e7iler sitede yorum b\u0131rakt\u0131\u011f\u0131nda yorum formunda g\u00f6sterilen verileri ve ayr\u0131ca spam tespitine yard\u0131mc\u0131 olmak i\u00e7in ziyaret\u00e7inin IP adresini ve taray\u0131c\u0131 kullan\u0131c\u0131 arac\u0131s\u0131 dizesini toplar\u0131z.<\/p>\n\n\n\n<p>Gravatar hizmetini kullan\u0131p kullanmad\u0131\u011f\u0131n\u0131z\u0131 g\u00f6rmek i\u00e7in e-posta adresinizden olu\u015fturulan anonimle\u015ftirilmi\u015f bir dize (hash olarak da bilinir) sa\u011flanabilir. Gravatar hizmeti gizlilik politikas\u0131na \u015fu adresten ula\u015fabilirsiniz: https:\/\/automattic.com\/privacy\/. Yorumunuzun onaylanmas\u0131n\u0131n ard\u0131ndan profil resminiz, yorumunuz kapsam\u0131nda herkes taraf\u0131ndan g\u00f6r\u00fclebilir.<\/p>\n\n\n\n<h2 class=\"wp-block-heading\">Medya<\/h2>\n\n\n\n<p><strong class=\"privacy-policy-tutorial\">\u00d6nerilen metin: <\/strong>Web sitesine g\u00f6rsel y\u00fcklerseniz, g\u00f6m\u00fcl\u00fc konum verileri (EXIF GPS) i\u00e7eren g\u00f6rselleri y\u00fcklemekten ka\u00e7\u0131nmal\u0131s\u0131n\u0131z. Web sitesini ziyaret edenler, web sitesindeki g\u00f6rsellerden herhangi bir konum verisini indirip \u00e7\u0131karabilir.<\/p>\n\n\n\n<h2 class=\"wp-block-heading\">Kurabiye<\/h2>\n\n\n\n<p><strong class=\"privacy-policy-tutorial\">\u00d6nerilen metin: <\/strong>Sitemize bir yorum b\u0131rak\u0131rsan\u0131z ad\u0131n\u0131z\u0131, e-posta adresinizi ve web sitenizi \u00e7erezlere kaydetmeyi se\u00e7ebilirsiniz. Bunlar size kolayl\u0131k sa\u011flamak i\u00e7indir, b\u00f6ylece ba\u015fka bir yorum b\u0131rakt\u0131\u011f\u0131n\u0131zda bilgilerinizi tekrar doldurman\u0131za gerek kalmaz. Bu \u00e7erezler bir y\u0131l boyunca kalacakt\u0131r.<\/p>\n\n\n\n<p>Giri\u015f sayfam\u0131z\u0131 ziyaret ederseniz, taray\u0131c\u0131n\u0131z\u0131n \u00e7erezleri kabul edip etmedi\u011fini belirlemek i\u00e7in ge\u00e7ici bir \u00e7erez yerle\u015ftirece\u011fiz. Bu \u00e7erez hi\u00e7bir ki\u015fisel veri i\u00e7ermez ve taray\u0131c\u0131n\u0131z\u0131 kapatt\u0131\u011f\u0131n\u0131zda at\u0131l\u0131r.<\/p>\n\n\n\n<p>Giri\u015f yapt\u0131\u011f\u0131n\u0131zda, giri\u015f bilgilerinizi ve ekran g\u00f6r\u00fcnt\u00fcleme tercihlerinizi kaydetmek i\u00e7in \u00e7e\u015fitli \u00e7erezler de ayarlayaca\u011f\u0131z. Giri\u015f \u00e7erezleri iki g\u00fcn s\u00fcreyle, ekran se\u00e7enekleri \u00e7erezleri ise bir y\u0131l s\u00fcreyle dayan\u0131r. &quot;Beni Hat\u0131rla&quot; se\u00e7ene\u011fini se\u00e7erseniz, giri\u015f bilgileriniz iki hafta boyunca kal\u0131c\u0131 olacakt\u0131r. Hesab\u0131n\u0131zdan \u00e7\u0131k\u0131\u015f yaparsan\u0131z giri\u015f \u00e7erezleri kald\u0131r\u0131lacakt\u0131r.<\/p>\n\n\n\n<p>Bir makaleyi d\u00fczenler veya yay\u0131nlarsan\u0131z taray\u0131c\u0131n\u0131za ek bir \u00e7erez kaydedilecektir. Bu \u00e7erez hi\u00e7bir ki\u015fisel veri i\u00e7ermez ve yaln\u0131zca az \u00f6nce d\u00fczenledi\u011finiz makalenin g\u00f6nderi kimli\u011fini g\u00f6sterir. 1 g\u00fcn sonra sona erer.<\/p>\n\n\n\n<h2 class=\"wp-block-heading\">Di\u011fer web sitelerinden g\u00f6m\u00fcl\u00fc i\u00e7erik<\/h2>\n\n\n\n<p><strong class=\"privacy-policy-tutorial\">\u00d6nerilen metin: <\/strong>Bu sitedeki makaleler g\u00f6m\u00fcl\u00fc i\u00e7erik (\u00f6rne\u011fin videolar, resimler, makaleler vb.) i\u00e7erebilir. Di\u011fer web sitelerindeki g\u00f6m\u00fcl\u00fc i\u00e7erik, ziyaret\u00e7inin di\u011fer web sitesini ziyaret etmi\u015f gibi tamamen ayn\u0131 \u015fekilde davran\u0131r.<\/p>\n\n\n\n<p>Bu web siteleri sizin hakk\u0131n\u0131zda veri toplayabilir, \u00e7erez kullanabilir, ek \u00fc\u00e7\u00fcnc\u00fc taraf takibi yerle\u015ftirebilir ve bir hesab\u0131n\u0131z varsa ve o web sitesinde oturum a\u00e7m\u0131\u015fsan\u0131z, g\u00f6m\u00fcl\u00fc i\u00e7erikle etkile\u015fiminizi izlemek de dahil olmak \u00fczere, bu g\u00f6m\u00fcl\u00fc i\u00e7erikle etkile\u015fiminizi izleyebilir.<\/p>\n\n\n\n<h2 class=\"wp-block-heading\">Verilerinizi kimlerle payla\u015f\u0131yoruz<\/h2>\n\n\n\n<p><strong class=\"privacy-policy-tutorial\">\u00d6nerilen metin: <\/strong>\u015eifre s\u0131f\u0131rlama talebinde bulunursan\u0131z, IP adresiniz s\u0131f\u0131rlama e-postas\u0131na dahil edilecektir.<\/p>\n\n\n\n<h2 class=\"wp-block-heading\">Verilerinizi ne kadar s\u00fcre sakl\u0131yoruz<\/h2>\n\n\n\n<p><strong class=\"privacy-policy-tutorial\">\u00d6nerilen metin: <\/strong>Bir yorum b\u0131rak\u0131rsan\u0131z yorum ve meta verileri s\u00fcresiz olarak saklan\u0131r. Bu, herhangi bir takip yorumunu denetleme kuyru\u011funda tutmak yerine otomatik olarak tan\u0131yabilmemiz ve onaylayabilmemiz i\u00e7indir.<\/p>\n\n\n\n<p>Web sitemize kay\u0131t olan kullan\u0131c\u0131lar i\u00e7in (varsa), sa\u011flad\u0131klar\u0131 ki\u015fisel bilgileri kullan\u0131c\u0131 profillerinde de sakl\u0131yoruz. T\u00fcm kullan\u0131c\u0131lar ki\u015fisel bilgilerini istedikleri zaman g\u00f6rebilir, d\u00fczenleyebilir veya silebilir (kullan\u0131c\u0131 adlar\u0131n\u0131 de\u011fi\u015ftirememeleri d\u0131\u015f\u0131nda). Web sitesi y\u00f6neticileri de bu bilgileri g\u00f6rebilir ve d\u00fczenleyebilir.<\/p>\n\n\n\n<h2 class=\"wp-block-heading\">Verileriniz \u00fczerinde hangi haklara sahipsiniz?<\/h2>\n\n\n\n<p><strong class=\"privacy-policy-tutorial\">\u00d6nerilen metin: <\/strong>Bu sitede bir hesab\u0131n\u0131z varsa veya yorum b\u0131rakt\u0131ysan\u0131z, bize sa\u011flad\u0131\u011f\u0131n\u0131z veriler de dahil olmak \u00fczere hakk\u0131n\u0131zda tuttu\u011fumuz ki\u015fisel verilerin d\u0131\u015fa aktar\u0131lm\u0131\u015f bir dosyas\u0131n\u0131 almay\u0131 talep edebilirsiniz. Ayr\u0131ca hakk\u0131n\u0131zda tuttu\u011fumuz t\u00fcm ki\u015fisel verileri silmemizi de talep edebilirsiniz. Bu, idari, yasal veya g\u00fcvenlik ama\u00e7lar\u0131yla saklamak zorunda oldu\u011fumuz hi\u00e7bir veriyi i\u00e7ermez.<\/p>\n\n\n\n<h2 class=\"wp-block-heading\">Verileriniz nereye g\u00f6nderiliyor<\/h2>\n\n\n\n<p><strong class=\"privacy-policy-tutorial\">\u00d6nerilen metin: <\/strong>Ziyaret\u00e7i yorumlar\u0131 otomatik spam tespit hizmeti arac\u0131l\u0131\u011f\u0131yla kontrol edilebilir.<\/p>","protected":false},"excerpt":{"rendered":"<p>Biz kimiz \u00d6nerilen metin: Web sitemizin adresi: https:\/\/thesportsbettingschool.com. Yorumlar \u00d6nerilen metin: Ziyaret\u00e7iler sitede yorum b\u0131rakt\u0131\u011f\u0131nda, spam tespitine yard\u0131mc\u0131 olmak i\u00e7in yorum formunda g\u00f6sterilen verileri ve ayr\u0131ca ziyaret\u00e7inin IP adresini ve taray\u0131c\u0131 kullan\u0131c\u0131 arac\u0131s\u0131 dizesini toplar\u0131z. E-posta adresinizden olu\u015fturulan anonimle\u015ftirilmi\u015f bir dize (ayr\u0131ca [\u2026]<\/p>","protected":false},"author":1,"featured_media":0,"parent":0,"menu_order":0,"comment_status":"closed","ping_status":"open","template":"","meta":{"footnotes":""},"class_list":["post-3","page","type-page","status-publish","hentry"],"yoast_head":"<!-- This site is optimized with the Yoast SEO Premium plugin v22.7 (Yoast SEO v26.7) - https:\/\/yoast.com\/wordpress\/plugins\/seo\/ -->\n<title>Privacy Policy - Sports Betting School<\/title>\n<meta name=\"robots\" content=\"index, follow, max-snippet:-1, max-image-preview:large, max-video-preview:-1\" \/>\n<link rel=\"canonical\" href=\"https:\/\/thesportsbettingschool.com\/tr\/gizlilik-politikasi\/\" \/>\n<meta property=\"og:locale\" content=\"tr_TR\" \/>\n<meta property=\"og:type\" content=\"article\" \/>\n<meta property=\"og:title\" content=\"Privacy Policy\" \/>\n<meta property=\"og:description\" content=\"Who we are Suggested text: Our website address is: https:\/\/thesportsbettingschool.com. Comments Suggested text: When visitors leave comments on the site we collect the data shown in the comments form, and also the visitor\u2019s IP address and browser user agent string to help spam detection. An anonymized string created from your email address (also called a [&hellip;]\" \/>\n<meta property=\"og:url\" content=\"https:\/\/thesportsbettingschool.com\/tr\/gizlilik-politikasi\/\" \/>\n<meta property=\"og:site_name\" content=\"Sports Betting School\" \/>\n<meta property=\"article:modified_time\" content=\"2023-07-30T07:39:55+00:00\" \/>\n<meta name=\"twitter:card\" content=\"summary_large_image\" \/>\n<meta name=\"twitter:label1\" content=\"Tahmini okuma s\u00fcresi\" \/>\n\t<meta name=\"twitter:data1\" content=\"3 dakika\" \/>\n<script type=\"application\/ld+json\" class=\"yoast-schema-graph\">{\"@context\":\"https:\/\/schema.org\",\"@graph\":[{\"@type\":\"WebPage\",\"@id\":\"https:\/\/thesportsbettingschool.com\/privacy-policy\/\",\"url\":\"https:\/\/thesportsbettingschool.com\/privacy-policy\/\",\"name\":\"Privacy Policy - Sports Betting School\",\"isPartOf\":{\"@id\":\"https:\/\/thesportsbettingschool.com\/#website\"},\"datePublished\":\"2023-02-06T12:24:48+00:00\",\"dateModified\":\"2023-07-30T07:39:55+00:00\",\"breadcrumb\":{\"@id\":\"https:\/\/thesportsbettingschool.com\/privacy-policy\/#breadcrumb\"},\"inLanguage\":\"tr\",\"potentialAction\":[{\"@type\":\"ReadAction\",\"target\":[\"https:\/\/thesportsbettingschool.com\/privacy-policy\/\"]}]},{\"@type\":\"BreadcrumbList\",\"@id\":\"https:\/\/thesportsbettingschool.com\/privacy-policy\/#breadcrumb\",\"itemListElement\":[{\"@type\":\"ListItem\",\"position\":1,\"name\":\"Home\",\"item\":\"https:\/\/thesportsbettingschool.com\/\"},{\"@type\":\"ListItem\",\"position\":2,\"name\":\"Privacy Policy\"}]},{\"@type\":\"WebSite\",\"@id\":\"https:\/\/thesportsbettingschool.com\/#website\",\"url\":\"https:\/\/thesportsbettingschool.com\/\",\"name\":\"Sports Betting School\",\"description\":\"US daily online income from home office\",\"publisher\":{\"@id\":\"https:\/\/thesportsbettingschool.com\/#organization\"},\"potentialAction\":[{\"@type\":\"SearchAction\",\"target\":{\"@type\":\"EntryPoint\",\"urlTemplate\":\"https:\/\/thesportsbettingschool.com\/?s={search_term_string}\"},\"query-input\":{\"@type\":\"PropertyValueSpecification\",\"valueRequired\":true,\"valueName\":\"search_term_string\"}}],\"inLanguage\":\"tr\"},{\"@type\":\"Organization\",\"@id\":\"https:\/\/thesportsbettingschool.com\/#organization\",\"name\":\"Sports Betting School\",\"url\":\"https:\/\/thesportsbettingschool.com\/\",\"logo\":{\"@type\":\"ImageObject\",\"inLanguage\":\"tr\",\"@id\":\"https:\/\/thesportsbettingschool.com\/#\/schema\/logo\/image\/\",\"url\":\"https:\/\/thesportsbettingschool.com\/wp-content\/uploads\/2023\/07\/sports-betting-school-logo.jpg\",\"contentUrl\":\"https:\/\/thesportsbettingschool.com\/wp-content\/uploads\/2023\/07\/sports-betting-school-logo.jpg\",\"width\":1080,\"height\":1080,\"caption\":\"Sports Betting School\"},\"image\":{\"@id\":\"https:\/\/thesportsbettingschool.com\/#\/schema\/logo\/image\/\"}}]}<\/script>\n<!-- \/ Yoast SEO Premium plugin. -->","yoast_head_json":{"title":"Gizlilik Politikas\u0131 - Spor Bahisleri Okulu","robots":{"index":"index","follow":"follow","max-snippet":"max-snippet:-1","max-image-preview":"max-image-preview:large","max-video-preview":"max-video-preview:-1"},"canonical":"https:\/\/thesportsbettingschool.com\/tr\/gizlilik-politikasi\/","og_locale":"tr_TR","og_type":"article","og_title":"Privacy Policy","og_description":"Who we are Suggested text: Our website address is: https:\/\/thesportsbettingschool.com. Comments Suggested text: When visitors leave comments on the site we collect the data shown in the comments form, and also the visitor\u2019s IP address and browser user agent string to help spam detection. An anonymized string created from your email address (also called a [&hellip;]","og_url":"https:\/\/thesportsbettingschool.com\/tr\/gizlilik-politikasi\/","og_site_name":"Sports Betting School","article_modified_time":"2023-07-30T07:39:55+00:00","twitter_card":"summary_large_image","twitter_misc":{"Tahmini okuma s\u00fcresi":"3 dakika"},"schema":{"@context":"https:\/\/schema.org","@graph":[{"@type":"WebPage","@id":"https:\/\/thesportsbettingschool.com\/privacy-policy\/","url":"https:\/\/thesportsbettingschool.com\/privacy-policy\/","name":"Gizlilik Politikas\u0131 - Spor Bahisleri Okulu","isPartOf":{"@id":"https:\/\/thesportsbettingschool.com\/#website"},"datePublished":"2023-02-06T12:24:48+00:00","dateModified":"2023-07-30T07:39:55+00:00","breadcrumb":{"@id":"https:\/\/thesportsbettingschool.com\/privacy-policy\/#breadcrumb"},"inLanguage":"tr","potentialAction":[{"@type":"ReadAction","target":["https:\/\/thesportsbettingschool.com\/privacy-policy\/"]}]},{"@type":"BreadcrumbList","@id":"https:\/\/thesportsbettingschool.com\/privacy-policy\/#breadcrumb","itemListElement":[{"@type":"ListItem","position":1,"name":"Home","item":"https:\/\/thesportsbettingschool.com\/"},{"@type":"ListItem","position":2,"name":"Privacy Policy"}]},{"@type":"WebSite","@id":"https:\/\/thesportsbettingschool.com\/#website","url":"https:\/\/thesportsbettingschool.com\/","name":"Spor Bahisleri Okulu","description":"ABD&#039;de ev ofisten elde edilen g\u00fcnl\u00fck \u00e7evrimi\u00e7i gelir","publisher":{"@id":"https:\/\/thesportsbettingschool.com\/#organization"},"potentialAction":[{"@type":"SearchAction","target":{"@type":"EntryPoint","urlTemplate":"https:\/\/thesportsbettingschool.com\/?s={search_term_string}"},"query-input":{"@type":"PropertyValueSpecification","valueRequired":true,"valueName":"search_term_string"}}],"inLanguage":"tr"},{"@type":"Organization","@id":"https:\/\/thesportsbettingschool.com\/#organization","name":"Spor Bahisleri Okulu","url":"https:\/\/thesportsbettingschool.com\/","logo":{"@type":"ImageObject","inLanguage":"tr","@id":"https:\/\/thesportsbettingschool.com\/#\/schema\/logo\/image\/","url":"https:\/\/thesportsbettingschool.com\/wp-content\/uploads\/2023\/07\/sports-betting-school-logo.jpg","contentUrl":"https:\/\/thesportsbettingschool.com\/wp-content\/uploads\/2023\/07\/sports-betting-school-logo.jpg","width":1080,"height":1080,"caption":"Sports Betting School"},"image":{"@id":"https:\/\/thesportsbettingschool.com\/#\/schema\/logo\/image\/"}}]}},"_links":{"self":[{"href":"https:\/\/thesportsbettingschool.com\/tr\/wp-json\/wp\/v2\/pages\/3","targetHints":{"allow":["GET"]}}],"collection":[{"href":"https:\/\/thesportsbettingschool.com\/tr\/wp-json\/wp\/v2\/pages"}],"about":[{"href":"https:\/\/thesportsbettingschool.com\/tr\/wp-json\/wp\/v2\/types\/page"}],"author":[{"embeddable":true,"href":"https:\/\/thesportsbettingschool.com\/tr\/wp-json\/wp\/v2\/users\/1"}],"replies":[{"embeddable":true,"href":"https:\/\/thesportsbettingschool.com\/tr\/wp-json\/wp\/v2\/comments?post=3"}],"version-history":[{"count":1,"href":"https:\/\/thesportsbettingschool.com\/tr\/wp-json\/wp\/v2\/pages\/3\/revisions"}],"predecessor-version":[{"id":91,"href":"https:\/\/thesportsbettingschool.com\/tr\/wp-json\/wp\/v2\/pages\/3\/revisions\/91"}],"wp:attachment":[{"href":"https:\/\/thesportsbettingschool.com\/tr\/wp-json\/wp\/v2\/media?parent=3"}],"curies":[{"name":"wp","href":"https:\/\/api.w.org\/{rel}","templated":true}]}}